{"id":1529,"date":"2024-04-04T01:45:20","date_gmt":"2024-04-04T08:45:20","guid":{"rendered":"https:\/\/casahormiga.comfaqs\/"},"modified":"2024-05-24T07:38:23","modified_gmt":"2024-05-24T14:38:23","slug":"faqs","status":"publish","type":"page","link":"https:\/\/casahormiga.com\/es\/faqs\/","title":{"rendered":"FAQS"},"content":{"rendered":"","protected":false},"excerpt":{"rendered":"","protected":false},"author":1,"featured_media":0,"parent":0,"menu_order":50,"comment_status":"closed","ping_status":"closed","template":"template-faqs.php","meta":{"_acf_changed":false,"inline_featured_image":false,"footnotes":""},"class_list":["post-1529","page","type-page","status-publish","hentry"],"acf":[],"yoast_head":"<!-- This site is optimized with the Yoast SEO plugin v27.4 - https:\/\/yoast.com\/product\/yoast-seo-wordpress\/ -->\n<title>Hotel Casa Hormiga - Preguntas Frecuentes<\/title>\n<meta name=\"description\" content=\"Aqu\u00ed encontrar\u00e1s respuestas a las preguntas y dudas frecuentes de nuestros hu\u00e9spedes. Recuerda que Recepci\u00f3n siempre est\u00e1 disponible.\" \/>\n<meta name=\"robots\" content=\"index, follow, max-snippet:-1, max-image-preview:large, max-video-preview:-1\" \/>\n<link rel=\"canonical\" href=\"https:\/\/casahormiga.com\/es\/faqs\/\" \/>\n<meta property=\"og:locale\" content=\"es_ES\" \/>\n<meta property=\"og:type\" content=\"article\" \/>\n<meta property=\"og:title\" content=\"Hotel Casa Hormiga - Preguntas Frecuentes\" \/>\n<meta property=\"og:description\" content=\"Aqu\u00ed encontrar\u00e1s respuestas a las preguntas y dudas frecuentes de nuestros hu\u00e9spedes. Recuerda que Recepci\u00f3n siempre est\u00e1 disponible.\" \/>\n<meta property=\"og:url\" content=\"https:\/\/casahormiga.com\/es\/faqs\/\" \/>\n<meta property=\"og:site_name\" content=\"Casa Hormiga\" \/>\n<meta property=\"article:modified_time\" content=\"2024-05-24T14:38:23+00:00\" \/>\n<meta name=\"twitter:card\" content=\"summary_large_image\" \/>\n<script type=\"application\/ld+json\" class=\"yoast-schema-graph\">{\"@context\":\"https:\\\/\\\/schema.org\",\"@graph\":[{\"@type\":\"WebPage\",\"@id\":\"https:\\\/\\\/casahormiga.com\\\/es\\\/faqs\\\/\",\"url\":\"https:\\\/\\\/casahormiga.com\\\/es\\\/faqs\\\/\",\"name\":\"Hotel Casa Hormiga - Preguntas Frecuentes\",\"isPartOf\":{\"@id\":\"https:\\\/\\\/casahormiga.com\\\/#website\"},\"datePublished\":\"2024-04-04T08:45:20+00:00\",\"dateModified\":\"2024-05-24T14:38:23+00:00\",\"description\":\"Aqu\u00ed encontrar\u00e1s respuestas a las preguntas y dudas frecuentes de nuestros hu\u00e9spedes. Recuerda que Recepci\u00f3n siempre est\u00e1 disponible.\",\"breadcrumb\":{\"@id\":\"https:\\\/\\\/casahormiga.com\\\/es\\\/faqs\\\/#breadcrumb\"},\"inLanguage\":\"es-ES\",\"potentialAction\":[{\"@type\":\"ReadAction\",\"target\":[\"https:\\\/\\\/casahormiga.com\\\/es\\\/faqs\\\/\"]}]},{\"@type\":\"BreadcrumbList\",\"@id\":\"https:\\\/\\\/casahormiga.com\\\/es\\\/faqs\\\/#breadcrumb\",\"itemListElement\":[{\"@type\":\"ListItem\",\"position\":1,\"name\":\"Home\",\"item\":\"https:\\\/\\\/casahormiga.com\\\/es\\\/\"},{\"@type\":\"ListItem\",\"position\":2,\"name\":\"FAQS\"}]},{\"@type\":\"WebSite\",\"@id\":\"https:\\\/\\\/casahormiga.com\\\/#website\",\"url\":\"https:\\\/\\\/casahormiga.com\\\/\",\"name\":\"Casa Hormiga\",\"description\":\"\",\"potentialAction\":[{\"@type\":\"SearchAction\",\"target\":{\"@type\":\"EntryPoint\",\"urlTemplate\":\"https:\\\/\\\/casahormiga.com\\\/?s={search_term_string}\"},\"query-input\":{\"@type\":\"PropertyValueSpecification\",\"valueRequired\":true,\"valueName\":\"search_term_string\"}}],\"inLanguage\":\"es-ES\"}]}<\/script>\n<!-- \/ Yoast SEO plugin. -->","yoast_head_json":{"title":"Hotel Casa Hormiga - Preguntas Frecuentes","description":"Aqu\u00ed encontrar\u00e1s respuestas a las preguntas y dudas frecuentes de nuestros hu\u00e9spedes. Recuerda que Recepci\u00f3n siempre est\u00e1 disponible.","robots":{"index":"index","follow":"follow","max-snippet":"max-snippet:-1","max-image-preview":"max-image-preview:large","max-video-preview":"max-video-preview:-1"},"canonical":"https:\/\/casahormiga.com\/es\/faqs\/","og_locale":"es_ES","og_type":"article","og_title":"Hotel Casa Hormiga - Preguntas Frecuentes","og_description":"Aqu\u00ed encontrar\u00e1s respuestas a las preguntas y dudas frecuentes de nuestros hu\u00e9spedes. Recuerda que Recepci\u00f3n siempre est\u00e1 disponible.","og_url":"https:\/\/casahormiga.com\/es\/faqs\/","og_site_name":"Casa Hormiga","article_modified_time":"2024-05-24T14:38:23+00:00","twitter_card":"summary_large_image","schema":{"@context":"https:\/\/schema.org","@graph":[{"@type":"WebPage","@id":"https:\/\/casahormiga.com\/es\/faqs\/","url":"https:\/\/casahormiga.com\/es\/faqs\/","name":"Hotel Casa Hormiga - Preguntas Frecuentes","isPartOf":{"@id":"https:\/\/casahormiga.com\/#website"},"datePublished":"2024-04-04T08:45:20+00:00","dateModified":"2024-05-24T14:38:23+00:00","description":"Aqu\u00ed encontrar\u00e1s respuestas a las preguntas y dudas frecuentes de nuestros hu\u00e9spedes. Recuerda que Recepci\u00f3n siempre est\u00e1 disponible.","breadcrumb":{"@id":"https:\/\/casahormiga.com\/es\/faqs\/#breadcrumb"},"inLanguage":"es-ES","potentialAction":[{"@type":"ReadAction","target":["https:\/\/casahormiga.com\/es\/faqs\/"]}]},{"@type":"BreadcrumbList","@id":"https:\/\/casahormiga.com\/es\/faqs\/#breadcrumb","itemListElement":[{"@type":"ListItem","position":1,"name":"Home","item":"https:\/\/casahormiga.com\/es\/"},{"@type":"ListItem","position":2,"name":"FAQS"}]},{"@type":"WebSite","@id":"https:\/\/casahormiga.com\/#website","url":"https:\/\/casahormiga.com\/","name":"Casa Hormiga","description":"","potentialAction":[{"@type":"SearchAction","target":{"@type":"EntryPoint","urlTemplate":"https:\/\/casahormiga.com\/?s={search_term_string}"},"query-input":{"@type":"PropertyValueSpecification","valueRequired":true,"valueName":"search_term_string"}}],"inLanguage":"es-ES"}]}},"_links":{"self":[{"href":"https:\/\/casahormiga.com\/es\/wp-json\/wp\/v2\/pages\/1529","targetHints":{"allow":["GET"]}}],"collection":[{"href":"https:\/\/casahormiga.com\/es\/wp-json\/wp\/v2\/pages"}],"about":[{"href":"https:\/\/casahormiga.com\/es\/wp-json\/wp\/v2\/types\/page"}],"author":[{"embeddable":true,"href":"https:\/\/casahormiga.com\/es\/wp-json\/wp\/v2\/users\/1"}],"replies":[{"embeddable":true,"href":"https:\/\/casahormiga.com\/es\/wp-json\/wp\/v2\/comments?post=1529"}],"version-history":[{"count":4,"href":"https:\/\/casahormiga.com\/es\/wp-json\/wp\/v2\/pages\/1529\/revisions"}],"predecessor-version":[{"id":2027,"href":"https:\/\/casahormiga.com\/es\/wp-json\/wp\/v2\/pages\/1529\/revisions\/2027"}],"wp:attachment":[{"href":"https:\/\/casahormiga.com\/es\/wp-json\/wp\/v2\/media?parent=1529"}],"curies":[{"name":"wp","href":"https:\/\/api.w.org\/{rel}","templated":true}]}}