{"id":1562,"date":"2024-04-05T02:44:35","date_gmt":"2024-04-05T09:44:35","guid":{"rendered":"https:\/\/casahormiga.comspecials\/"},"modified":"2024-05-24T10:06:50","modified_gmt":"2024-05-24T17:06:50","slug":"specials","status":"publish","type":"page","link":"https:\/\/casahormiga.com\/es\/specials\/","title":{"rendered":"ESPECIALES"},"content":{"rendered":"<h4><\/h4>\n<h4><\/h4>\n<h3 style=\"text-align: center;\">Reserva tu habitaci\u00f3n con nosotros y disfruta de la mejor tarifa garantizada y beneficios exclusivos<\/h3>\n<p>&nbsp;<\/p>\n<p><strong>LAS SIGUIENTES PROMOCIONES SON V\u00c1LIDAS DURANTE TODO EL A\u00d1O A EXCEPCI\u00d3N DE:<\/strong><br \/>\n<strong>15 DE JULIO AL 20 DE AGOSTO Y 20 DE DICIEMBRE AL 10 DE ENERO<\/strong><\/p>\n<p style=\"text-align: left;\">\n","protected":false},"excerpt":{"rendered":"<p>Reserva tu habitaci\u00f3n con nosotros y disfruta de la mejor tarifa garantizada y beneficios exclusivos &nbsp; LAS SIGUIENTES PROMOCIONES SON V\u00c1LIDAS DURANTE TODO EL A\u00d1O A EXCEPCI\u00d3N DE: 15 DE JULIO AL 20 DE AGOSTO Y 20 DE DICIEMBRE AL 10 DE ENERO<\/p>\n","protected":false},"author":1,"featured_media":0,"parent":0,"menu_order":50,"comment_status":"closed","ping_status":"closed","template":"template-specials.php","meta":{"_acf_changed":false,"inline_featured_image":false,"footnotes":""},"class_list":["post-1562","page","type-page","status-publish","hentry"],"acf":[],"yoast_head":"<!-- This site is optimized with the Yoast SEO plugin v27.4 - https:\/\/yoast.com\/product\/yoast-seo-wordpress\/ -->\n<title>Hotel Casa Hormiga - Ofertas Especiales<\/title>\n<meta name=\"description\" content=\"Disfruta la mejor tarifa garantizada y exclusivos beneficios reservando desde nuestra p\u00e1gina. Descuentos a Mexicanos y locales.\" \/>\n<meta name=\"robots\" content=\"index, follow, max-snippet:-1, max-image-preview:large, max-video-preview:-1\" \/>\n<link rel=\"canonical\" href=\"https:\/\/casahormiga.com\/es\/specials\/\" \/>\n<meta property=\"og:locale\" content=\"es_ES\" \/>\n<meta property=\"og:type\" content=\"article\" \/>\n<meta property=\"og:title\" content=\"Hotel Casa Hormiga - Ofertas Especiales\" \/>\n<meta property=\"og:description\" content=\"Disfruta la mejor tarifa garantizada y exclusivos beneficios reservando desde nuestra p\u00e1gina. Descuentos a Mexicanos y locales.\" \/>\n<meta property=\"og:url\" content=\"https:\/\/casahormiga.com\/es\/specials\/\" \/>\n<meta property=\"og:site_name\" content=\"Casa Hormiga\" \/>\n<meta property=\"article:modified_time\" content=\"2024-05-24T17:06:50+00:00\" \/>\n<meta name=\"twitter:card\" content=\"summary_large_image\" \/>\n<meta name=\"twitter:label1\" content=\"Est. reading time\" \/>\n\t<meta name=\"twitter:data1\" content=\"1 minute\" \/>\n<script type=\"application\/ld+json\" class=\"yoast-schema-graph\">{\"@context\":\"https:\\\/\\\/schema.org\",\"@graph\":[{\"@type\":\"WebPage\",\"@id\":\"https:\\\/\\\/casahormiga.com\\\/es\\\/specials\\\/\",\"url\":\"https:\\\/\\\/casahormiga.com\\\/es\\\/specials\\\/\",\"name\":\"Hotel Casa Hormiga - Ofertas Especiales\",\"isPartOf\":{\"@id\":\"https:\\\/\\\/casahormiga.com\\\/#website\"},\"datePublished\":\"2024-04-05T09:44:35+00:00\",\"dateModified\":\"2024-05-24T17:06:50+00:00\",\"description\":\"Disfruta la mejor tarifa garantizada y exclusivos beneficios reservando desde nuestra p\u00e1gina. Descuentos a Mexicanos y locales.\",\"breadcrumb\":{\"@id\":\"https:\\\/\\\/casahormiga.com\\\/es\\\/specials\\\/#breadcrumb\"},\"inLanguage\":\"es-ES\",\"potentialAction\":[{\"@type\":\"ReadAction\",\"target\":[\"https:\\\/\\\/casahormiga.com\\\/es\\\/specials\\\/\"]}]},{\"@type\":\"BreadcrumbList\",\"@id\":\"https:\\\/\\\/casahormiga.com\\\/es\\\/specials\\\/#breadcrumb\",\"itemListElement\":[{\"@type\":\"ListItem\",\"position\":1,\"name\":\"Home\",\"item\":\"https:\\\/\\\/casahormiga.com\\\/es\\\/\"},{\"@type\":\"ListItem\",\"position\":2,\"name\":\"ESPECIALES\"}]},{\"@type\":\"WebSite\",\"@id\":\"https:\\\/\\\/casahormiga.com\\\/#website\",\"url\":\"https:\\\/\\\/casahormiga.com\\\/\",\"name\":\"Casa Hormiga\",\"description\":\"\",\"potentialAction\":[{\"@type\":\"SearchAction\",\"target\":{\"@type\":\"EntryPoint\",\"urlTemplate\":\"https:\\\/\\\/casahormiga.com\\\/?s={search_term_string}\"},\"query-input\":{\"@type\":\"PropertyValueSpecification\",\"valueRequired\":true,\"valueName\":\"search_term_string\"}}],\"inLanguage\":\"es-ES\"}]}<\/script>\n<!-- \/ Yoast SEO plugin. -->","yoast_head_json":{"title":"Hotel Casa Hormiga - Ofertas Especiales","description":"Disfruta la mejor tarifa garantizada y exclusivos beneficios reservando desde nuestra p\u00e1gina. Descuentos a Mexicanos y locales.","robots":{"index":"index","follow":"follow","max-snippet":"max-snippet:-1","max-image-preview":"max-image-preview:large","max-video-preview":"max-video-preview:-1"},"canonical":"https:\/\/casahormiga.com\/es\/specials\/","og_locale":"es_ES","og_type":"article","og_title":"Hotel Casa Hormiga - Ofertas Especiales","og_description":"Disfruta la mejor tarifa garantizada y exclusivos beneficios reservando desde nuestra p\u00e1gina. Descuentos a Mexicanos y locales.","og_url":"https:\/\/casahormiga.com\/es\/specials\/","og_site_name":"Casa Hormiga","article_modified_time":"2024-05-24T17:06:50+00:00","twitter_card":"summary_large_image","twitter_misc":{"Est. reading time":"1 minute"},"schema":{"@context":"https:\/\/schema.org","@graph":[{"@type":"WebPage","@id":"https:\/\/casahormiga.com\/es\/specials\/","url":"https:\/\/casahormiga.com\/es\/specials\/","name":"Hotel Casa Hormiga - Ofertas Especiales","isPartOf":{"@id":"https:\/\/casahormiga.com\/#website"},"datePublished":"2024-04-05T09:44:35+00:00","dateModified":"2024-05-24T17:06:50+00:00","description":"Disfruta la mejor tarifa garantizada y exclusivos beneficios reservando desde nuestra p\u00e1gina. Descuentos a Mexicanos y locales.","breadcrumb":{"@id":"https:\/\/casahormiga.com\/es\/specials\/#breadcrumb"},"inLanguage":"es-ES","potentialAction":[{"@type":"ReadAction","target":["https:\/\/casahormiga.com\/es\/specials\/"]}]},{"@type":"BreadcrumbList","@id":"https:\/\/casahormiga.com\/es\/specials\/#breadcrumb","itemListElement":[{"@type":"ListItem","position":1,"name":"Home","item":"https:\/\/casahormiga.com\/es\/"},{"@type":"ListItem","position":2,"name":"ESPECIALES"}]},{"@type":"WebSite","@id":"https:\/\/casahormiga.com\/#website","url":"https:\/\/casahormiga.com\/","name":"Casa Hormiga","description":"","potentialAction":[{"@type":"SearchAction","target":{"@type":"EntryPoint","urlTemplate":"https:\/\/casahormiga.com\/?s={search_term_string}"},"query-input":{"@type":"PropertyValueSpecification","valueRequired":true,"valueName":"search_term_string"}}],"inLanguage":"es-ES"}]}},"_links":{"self":[{"href":"https:\/\/casahormiga.com\/es\/wp-json\/wp\/v2\/pages\/1562","targetHints":{"allow":["GET"]}}],"collection":[{"href":"https:\/\/casahormiga.com\/es\/wp-json\/wp\/v2\/pages"}],"about":[{"href":"https:\/\/casahormiga.com\/es\/wp-json\/wp\/v2\/types\/page"}],"author":[{"embeddable":true,"href":"https:\/\/casahormiga.com\/es\/wp-json\/wp\/v2\/users\/1"}],"replies":[{"embeddable":true,"href":"https:\/\/casahormiga.com\/es\/wp-json\/wp\/v2\/comments?post=1562"}],"version-history":[{"count":22,"href":"https:\/\/casahormiga.com\/es\/wp-json\/wp\/v2\/pages\/1562\/revisions"}],"predecessor-version":[{"id":3026,"href":"https:\/\/casahormiga.com\/es\/wp-json\/wp\/v2\/pages\/1562\/revisions\/3026"}],"wp:attachment":[{"href":"https:\/\/casahormiga.com\/es\/wp-json\/wp\/v2\/media?parent=1562"}],"curies":[{"name":"wp","href":"https:\/\/api.w.org\/{rel}","templated":true}]}}