{"id":939,"date":"2019-05-30T17:45:30","date_gmt":"2019-05-30T17:45:30","guid":{"rendered":"https:\/\/casahormiga.comconcept\/"},"modified":"2024-05-24T10:35:57","modified_gmt":"2024-05-24T17:35:57","slug":"concept","status":"publish","type":"page","link":"https:\/\/casahormiga.com\/es\/concept\/","title":{"rendered":"CONCEPTO"},"content":{"rendered":"","protected":false},"excerpt":{"rendered":"","protected":false},"author":1,"featured_media":0,"parent":0,"menu_order":60,"comment_status":"closed","ping_status":"closed","template":"template-concept.php","meta":{"_acf_changed":false,"inline_featured_image":false,"footnotes":""},"class_list":["post-939","page","type-page","status-publish","hentry"],"acf":[],"yoast_head":"<!-- This site is optimized with the Yoast SEO plugin v27.4 - https:\/\/yoast.com\/product\/yoast-seo-wordpress\/ -->\n<title>Hotel Casa Hormiga - Concepto<\/title>\n<meta name=\"description\" content=\"Casa Hormiga comenz\u00f3 con la visi\u00f3n de un Santuario, dise\u00f1ado para acompa\u00f1ar la sanaci\u00f3n, la regeneraci\u00f3n y una conexi\u00f3n profunda con el Ser.\" \/>\n<meta name=\"robots\" content=\"index, follow, max-snippet:-1, max-image-preview:large, max-video-preview:-1\" \/>\n<link rel=\"canonical\" href=\"https:\/\/casahormiga.com\/es\/concept\/\" \/>\n<meta property=\"og:locale\" content=\"es_ES\" \/>\n<meta property=\"og:type\" content=\"article\" \/>\n<meta property=\"og:title\" content=\"Hotel Casa Hormiga - Concepto\" \/>\n<meta property=\"og:description\" content=\"Casa Hormiga comenz\u00f3 con la visi\u00f3n de un Santuario, dise\u00f1ado para acompa\u00f1ar la sanaci\u00f3n, la regeneraci\u00f3n y una conexi\u00f3n profunda con el Ser.\" \/>\n<meta property=\"og:url\" content=\"https:\/\/casahormiga.com\/es\/concept\/\" \/>\n<meta property=\"og:site_name\" content=\"Casa Hormiga\" \/>\n<meta property=\"article:modified_time\" content=\"2024-05-24T17:35:57+00:00\" \/>\n<meta property=\"og:image\" content=\"https:\/\/casahormiga.com\/wp-content\/uploads\/2021\/02\/5.jpg\" \/>\n\t<meta property=\"og:image:width\" content=\"953\" \/>\n\t<meta property=\"og:image:height\" content=\"1034\" \/>\n\t<meta property=\"og:image:type\" content=\"image\/jpeg\" \/>\n<meta name=\"twitter:card\" content=\"summary_large_image\" \/>\n<script type=\"application\/ld+json\" class=\"yoast-schema-graph\">{\"@context\":\"https:\\\/\\\/schema.org\",\"@graph\":[{\"@type\":\"WebPage\",\"@id\":\"https:\\\/\\\/casahormiga.com\\\/es\\\/concept\\\/\",\"url\":\"https:\\\/\\\/casahormiga.com\\\/es\\\/concept\\\/\",\"name\":\"Hotel Casa Hormiga - Concepto\",\"isPartOf\":{\"@id\":\"https:\\\/\\\/casahormiga.com\\\/#website\"},\"datePublished\":\"2019-05-30T17:45:30+00:00\",\"dateModified\":\"2024-05-24T17:35:57+00:00\",\"description\":\"Casa Hormiga comenz\u00f3 con la visi\u00f3n de un Santuario, dise\u00f1ado para acompa\u00f1ar la sanaci\u00f3n, la regeneraci\u00f3n y una conexi\u00f3n profunda con el Ser.\",\"breadcrumb\":{\"@id\":\"https:\\\/\\\/casahormiga.com\\\/es\\\/concept\\\/#breadcrumb\"},\"inLanguage\":\"es-ES\",\"potentialAction\":[{\"@type\":\"ReadAction\",\"target\":[\"https:\\\/\\\/casahormiga.com\\\/es\\\/concept\\\/\"]}]},{\"@type\":\"BreadcrumbList\",\"@id\":\"https:\\\/\\\/casahormiga.com\\\/es\\\/concept\\\/#breadcrumb\",\"itemListElement\":[{\"@type\":\"ListItem\",\"position\":1,\"name\":\"Home\",\"item\":\"https:\\\/\\\/casahormiga.com\\\/es\\\/\"},{\"@type\":\"ListItem\",\"position\":2,\"name\":\"CONCEPTO\"}]},{\"@type\":\"WebSite\",\"@id\":\"https:\\\/\\\/casahormiga.com\\\/#website\",\"url\":\"https:\\\/\\\/casahormiga.com\\\/\",\"name\":\"Casa Hormiga\",\"description\":\"\",\"potentialAction\":[{\"@type\":\"SearchAction\",\"target\":{\"@type\":\"EntryPoint\",\"urlTemplate\":\"https:\\\/\\\/casahormiga.com\\\/?s={search_term_string}\"},\"query-input\":{\"@type\":\"PropertyValueSpecification\",\"valueRequired\":true,\"valueName\":\"search_term_string\"}}],\"inLanguage\":\"es-ES\"}]}<\/script>\n<!-- \/ Yoast SEO plugin. -->","yoast_head_json":{"title":"Hotel Casa Hormiga - Concepto","description":"Casa Hormiga comenz\u00f3 con la visi\u00f3n de un Santuario, dise\u00f1ado para acompa\u00f1ar la sanaci\u00f3n, la regeneraci\u00f3n y una conexi\u00f3n profunda con el Ser.","robots":{"index":"index","follow":"follow","max-snippet":"max-snippet:-1","max-image-preview":"max-image-preview:large","max-video-preview":"max-video-preview:-1"},"canonical":"https:\/\/casahormiga.com\/es\/concept\/","og_locale":"es_ES","og_type":"article","og_title":"Hotel Casa Hormiga - Concepto","og_description":"Casa Hormiga comenz\u00f3 con la visi\u00f3n de un Santuario, dise\u00f1ado para acompa\u00f1ar la sanaci\u00f3n, la regeneraci\u00f3n y una conexi\u00f3n profunda con el Ser.","og_url":"https:\/\/casahormiga.com\/es\/concept\/","og_site_name":"Casa Hormiga","article_modified_time":"2024-05-24T17:35:57+00:00","og_image":[{"width":953,"height":1034,"url":"https:\/\/casahormiga.com\/wp-content\/uploads\/2021\/02\/5.jpg","type":"image\/jpeg"}],"twitter_card":"summary_large_image","schema":{"@context":"https:\/\/schema.org","@graph":[{"@type":"WebPage","@id":"https:\/\/casahormiga.com\/es\/concept\/","url":"https:\/\/casahormiga.com\/es\/concept\/","name":"Hotel Casa Hormiga - Concepto","isPartOf":{"@id":"https:\/\/casahormiga.com\/#website"},"datePublished":"2019-05-30T17:45:30+00:00","dateModified":"2024-05-24T17:35:57+00:00","description":"Casa Hormiga comenz\u00f3 con la visi\u00f3n de un Santuario, dise\u00f1ado para acompa\u00f1ar la sanaci\u00f3n, la regeneraci\u00f3n y una conexi\u00f3n profunda con el Ser.","breadcrumb":{"@id":"https:\/\/casahormiga.com\/es\/concept\/#breadcrumb"},"inLanguage":"es-ES","potentialAction":[{"@type":"ReadAction","target":["https:\/\/casahormiga.com\/es\/concept\/"]}]},{"@type":"BreadcrumbList","@id":"https:\/\/casahormiga.com\/es\/concept\/#breadcrumb","itemListElement":[{"@type":"ListItem","position":1,"name":"Home","item":"https:\/\/casahormiga.com\/es\/"},{"@type":"ListItem","position":2,"name":"CONCEPTO"}]},{"@type":"WebSite","@id":"https:\/\/casahormiga.com\/#website","url":"https:\/\/casahormiga.com\/","name":"Casa Hormiga","description":"","potentialAction":[{"@type":"SearchAction","target":{"@type":"EntryPoint","urlTemplate":"https:\/\/casahormiga.com\/?s={search_term_string}"},"query-input":{"@type":"PropertyValueSpecification","valueRequired":true,"valueName":"search_term_string"}}],"inLanguage":"es-ES"}]}},"_links":{"self":[{"href":"https:\/\/casahormiga.com\/es\/wp-json\/wp\/v2\/pages\/939","targetHints":{"allow":["GET"]}}],"collection":[{"href":"https:\/\/casahormiga.com\/es\/wp-json\/wp\/v2\/pages"}],"about":[{"href":"https:\/\/casahormiga.com\/es\/wp-json\/wp\/v2\/types\/page"}],"author":[{"embeddable":true,"href":"https:\/\/casahormiga.com\/es\/wp-json\/wp\/v2\/users\/1"}],"replies":[{"embeddable":true,"href":"https:\/\/casahormiga.com\/es\/wp-json\/wp\/v2\/comments?post=939"}],"version-history":[{"count":10,"href":"https:\/\/casahormiga.com\/es\/wp-json\/wp\/v2\/pages\/939\/revisions"}],"predecessor-version":[{"id":2644,"href":"https:\/\/casahormiga.com\/es\/wp-json\/wp\/v2\/pages\/939\/revisions\/2644"}],"wp:attachment":[{"href":"https:\/\/casahormiga.com\/es\/wp-json\/wp\/v2\/media?parent=939"}],"curies":[{"name":"wp","href":"https:\/\/api.w.org\/{rel}","templated":true}]}}