{"id":951,"date":"2021-02-03T01:54:23","date_gmt":"2021-02-03T09:54:23","guid":{"rendered":"https:\/\/casahormiga.comdaytrip-to-the-beach\/"},"modified":"2024-07-16T09:45:04","modified_gmt":"2024-07-16T16:45:04","slug":"dia-de-playa","status":"publish","type":"page","link":"https:\/\/casahormiga.com\/es\/experiences\/dia-de-playa\/","title":{"rendered":"D\u00cdA DE PLAYA \u2013 MAHAHUAL"},"content":{"rendered":"","protected":false},"excerpt":{"rendered":"","protected":false},"author":1,"featured_media":0,"parent":1642,"menu_order":55,"comment_status":"closed","ping_status":"closed","template":"template-yucatan.php","meta":{"_acf_changed":false,"inline_featured_image":false,"footnotes":""},"class_list":["post-951","page","type-page","status-publish","hentry"],"acf":[],"yoast_head":"<!-- This site is optimized with the Yoast SEO plugin v27.4 - https:\/\/yoast.com\/product\/yoast-seo-wordpress\/ -->\n<title>Hotel Casa Hormiga - D\u00eda de Playa, Mahahual<\/title>\n<meta name=\"description\" content=\"A solo una hora de Bacalar encontrar\u00e1s Mahahual un peque\u00f1o pueblo muy pintoresco lleno de colores del mar Caribe.\" \/>\n<meta name=\"robots\" content=\"index, follow, max-snippet:-1, max-image-preview:large, max-video-preview:-1\" \/>\n<link rel=\"canonical\" href=\"https:\/\/casahormiga.com\/es\/experiences\/dia-de-playa\/\" \/>\n<meta property=\"og:locale\" content=\"es_ES\" \/>\n<meta property=\"og:type\" content=\"article\" \/>\n<meta property=\"og:title\" content=\"Hotel Casa Hormiga - D\u00eda de Playa, Mahahual\" \/>\n<meta property=\"og:description\" content=\"A solo una hora de Bacalar encontrar\u00e1s Mahahual un peque\u00f1o pueblo muy pintoresco lleno de colores del mar Caribe.\" \/>\n<meta property=\"og:url\" content=\"https:\/\/casahormiga.com\/es\/experiences\/dia-de-playa\/\" \/>\n<meta property=\"og:site_name\" content=\"Casa Hormiga\" \/>\n<meta property=\"article:modified_time\" content=\"2024-07-16T16:45:04+00:00\" \/>\n<meta name=\"twitter:card\" content=\"summary_large_image\" \/>\n<script type=\"application\/ld+json\" class=\"yoast-schema-graph\">{\"@context\":\"https:\\\/\\\/schema.org\",\"@graph\":[{\"@type\":\"WebPage\",\"@id\":\"https:\\\/\\\/casahormiga.com\\\/es\\\/experiences\\\/dia-de-playa\\\/\",\"url\":\"https:\\\/\\\/casahormiga.com\\\/es\\\/experiences\\\/dia-de-playa\\\/\",\"name\":\"Hotel Casa Hormiga - D\u00eda de Playa, Mahahual\",\"isPartOf\":{\"@id\":\"https:\\\/\\\/casahormiga.com\\\/#website\"},\"datePublished\":\"2021-02-03T09:54:23+00:00\",\"dateModified\":\"2024-07-16T16:45:04+00:00\",\"description\":\"A solo una hora de Bacalar encontrar\u00e1s Mahahual un peque\u00f1o pueblo muy pintoresco lleno de colores del mar Caribe.\",\"breadcrumb\":{\"@id\":\"https:\\\/\\\/casahormiga.com\\\/es\\\/experiences\\\/dia-de-playa\\\/#breadcrumb\"},\"inLanguage\":\"es-ES\",\"potentialAction\":[{\"@type\":\"ReadAction\",\"target\":[\"https:\\\/\\\/casahormiga.com\\\/es\\\/experiences\\\/dia-de-playa\\\/\"]}]},{\"@type\":\"BreadcrumbList\",\"@id\":\"https:\\\/\\\/casahormiga.com\\\/es\\\/experiences\\\/dia-de-playa\\\/#breadcrumb\",\"itemListElement\":[{\"@type\":\"ListItem\",\"position\":1,\"name\":\"Home\",\"item\":\"https:\\\/\\\/casahormiga.com\\\/es\\\/\"},{\"@type\":\"ListItem\",\"position\":2,\"name\":\"EXPERIENCIAS\",\"item\":\"https:\\\/\\\/casahormiga.com\\\/es\\\/experiences\\\/\"},{\"@type\":\"ListItem\",\"position\":3,\"name\":\"D\u00cdA DE PLAYA \u2013 MAHAHUAL\"}]},{\"@type\":\"WebSite\",\"@id\":\"https:\\\/\\\/casahormiga.com\\\/#website\",\"url\":\"https:\\\/\\\/casahormiga.com\\\/\",\"name\":\"Casa Hormiga\",\"description\":\"\",\"potentialAction\":[{\"@type\":\"SearchAction\",\"target\":{\"@type\":\"EntryPoint\",\"urlTemplate\":\"https:\\\/\\\/casahormiga.com\\\/?s={search_term_string}\"},\"query-input\":{\"@type\":\"PropertyValueSpecification\",\"valueRequired\":true,\"valueName\":\"search_term_string\"}}],\"inLanguage\":\"es-ES\"}]}<\/script>\n<!-- \/ Yoast SEO plugin. -->","yoast_head_json":{"title":"Hotel Casa Hormiga - D\u00eda de Playa, Mahahual","description":"A solo una hora de Bacalar encontrar\u00e1s Mahahual un peque\u00f1o pueblo muy pintoresco lleno de colores del mar Caribe.","robots":{"index":"index","follow":"follow","max-snippet":"max-snippet:-1","max-image-preview":"max-image-preview:large","max-video-preview":"max-video-preview:-1"},"canonical":"https:\/\/casahormiga.com\/es\/experiences\/dia-de-playa\/","og_locale":"es_ES","og_type":"article","og_title":"Hotel Casa Hormiga - D\u00eda de Playa, Mahahual","og_description":"A solo una hora de Bacalar encontrar\u00e1s Mahahual un peque\u00f1o pueblo muy pintoresco lleno de colores del mar Caribe.","og_url":"https:\/\/casahormiga.com\/es\/experiences\/dia-de-playa\/","og_site_name":"Casa Hormiga","article_modified_time":"2024-07-16T16:45:04+00:00","twitter_card":"summary_large_image","schema":{"@context":"https:\/\/schema.org","@graph":[{"@type":"WebPage","@id":"https:\/\/casahormiga.com\/es\/experiences\/dia-de-playa\/","url":"https:\/\/casahormiga.com\/es\/experiences\/dia-de-playa\/","name":"Hotel Casa Hormiga - D\u00eda de Playa, Mahahual","isPartOf":{"@id":"https:\/\/casahormiga.com\/#website"},"datePublished":"2021-02-03T09:54:23+00:00","dateModified":"2024-07-16T16:45:04+00:00","description":"A solo una hora de Bacalar encontrar\u00e1s Mahahual un peque\u00f1o pueblo muy pintoresco lleno de colores del mar Caribe.","breadcrumb":{"@id":"https:\/\/casahormiga.com\/es\/experiences\/dia-de-playa\/#breadcrumb"},"inLanguage":"es-ES","potentialAction":[{"@type":"ReadAction","target":["https:\/\/casahormiga.com\/es\/experiences\/dia-de-playa\/"]}]},{"@type":"BreadcrumbList","@id":"https:\/\/casahormiga.com\/es\/experiences\/dia-de-playa\/#breadcrumb","itemListElement":[{"@type":"ListItem","position":1,"name":"Home","item":"https:\/\/casahormiga.com\/es\/"},{"@type":"ListItem","position":2,"name":"EXPERIENCIAS","item":"https:\/\/casahormiga.com\/es\/experiences\/"},{"@type":"ListItem","position":3,"name":"D\u00cdA DE PLAYA \u2013 MAHAHUAL"}]},{"@type":"WebSite","@id":"https:\/\/casahormiga.com\/#website","url":"https:\/\/casahormiga.com\/","name":"Casa Hormiga","description":"","potentialAction":[{"@type":"SearchAction","target":{"@type":"EntryPoint","urlTemplate":"https:\/\/casahormiga.com\/?s={search_term_string}"},"query-input":{"@type":"PropertyValueSpecification","valueRequired":true,"valueName":"search_term_string"}}],"inLanguage":"es-ES"}]}},"_links":{"self":[{"href":"https:\/\/casahormiga.com\/es\/wp-json\/wp\/v2\/pages\/951","targetHints":{"allow":["GET"]}}],"collection":[{"href":"https:\/\/casahormiga.com\/es\/wp-json\/wp\/v2\/pages"}],"about":[{"href":"https:\/\/casahormiga.com\/es\/wp-json\/wp\/v2\/types\/page"}],"author":[{"embeddable":true,"href":"https:\/\/casahormiga.com\/es\/wp-json\/wp\/v2\/users\/1"}],"replies":[{"embeddable":true,"href":"https:\/\/casahormiga.com\/es\/wp-json\/wp\/v2\/comments?post=951"}],"version-history":[{"count":14,"href":"https:\/\/casahormiga.com\/es\/wp-json\/wp\/v2\/pages\/951\/revisions"}],"predecessor-version":[{"id":3226,"href":"https:\/\/casahormiga.com\/es\/wp-json\/wp\/v2\/pages\/951\/revisions\/3226"}],"up":[{"embeddable":true,"href":"https:\/\/casahormiga.com\/es\/wp-json\/wp\/v2\/pages\/1642"}],"wp:attachment":[{"href":"https:\/\/casahormiga.com\/es\/wp-json\/wp\/v2\/media?parent=951"}],"curies":[{"name":"wp","href":"https:\/\/api.w.org\/{rel}","templated":true}]}}